{"id":13437,"date":"2023-11-06T12:19:32","date_gmt":"2023-11-06T11:19:32","guid":{"rendered":"https:\/\/www.eures-andalucia-algarve.eu\/aviso-legal\/"},"modified":"2023-11-22T14:08:47","modified_gmt":"2023-11-22T13:08:47","slug":"aviso-legal","status":"publish","type":"page","link":"https:\/\/www.eures-andalucia-algarve.eu\/pt-pt\/aviso-legal\/","title":{"rendered":"Aviso legal"},"content":{"rendered":"\t\t<div data-elementor-type=\"wp-page\" data-elementor-id=\"13437\" class=\"elementor elementor-13437 elementor-10752\">\n\t\t\t\t\t\t<section class=\"elementor-section elementor-top-section elementor-element elementor-element-dbfdef6 elementor-section-full_width elementor-section-height-default elementor-section-height-default wpr-particle-no wpr-jarallax-no wpr-parallax-no wpr-sticky-section-no\" data-id=\"dbfdef6\" data-element_type=\"section\">\n\t\t\t\t\t\t<div class=\"elementor-container elementor-column-gap-no\">\n\t\t\t\t\t<div class=\"elementor-column elementor-col-100 elementor-top-column elementor-element elementor-element-a05fe55\" data-id=\"a05fe55\" data-element_type=\"column\">\n\t\t\t<div class=\"elementor-widget-wrap elementor-element-populated\">\n\t\t\t\t\t\t<div class=\"elementor-element elementor-element-91dbd2c elementor-align-left elementor-widget elementor-widget-bdevs-page-header\" data-id=\"91dbd2c\" data-element_type=\"widget\" data-widget_type=\"bdevs-page-header.default\">\n\t\t\t\t<div class=\"elementor-widget-container\">\n\t\t\t    <div class=\"full-landing-image sx-bnr-inr overlay-wraper  bg-top-center\"    style=\"background-image:url(https:\/\/www.eures-andalucia-algarve.eu\/wp-content\/uploads\/2023\/10\/cabgenerico-V2-6-1.jpg);\">\r\n            <div class=\"overlay-main bg-white opacity-0\"><\/div>\r\n            <div class=\"container\">\r\n                <div class=\"sx-bnr-inr-entry\">\r\n                    <div class=\"banner-title-outer\">\r\n                                                <div class=\"banner-title-name\">\r\n                                                        <span class=\"sx-bnr-sm-title\">Termos de utiliza\u00e7\u00e3o<\/span>\r\n                                                                                    <h2 class=\"sx-title\">Aviso legal<\/h2>\r\n                                                    <\/div>\r\n                                                <!-- BREADCRUMB ROW -->                            \r\n                        <div>\r\n                            <ul class=\"sx-breadcrumb breadcrumb-style-2\">\r\n                                                                <li><a href=\"https:\/\/www.eures-andalucia-algarve.eu\/pt-pt\/\">Inicio<\/a><\/li>\r\n                                                                                                <li>Aviso legal<\/li>\r\n                                                            <\/ul>\r\n                        <\/div>\r\n                        <!-- BREADCRUMB ROW END -->  \r\n                    <\/div>                          \r\n                <\/div>\r\n            <\/div> \r\n                        <div class=\"sx-bnr-outline-text\">\r\n                <h1>EURES T A-A<\/h1>\r\n            <\/div> \r\n                    <\/div>\r\n    \t\t<\/div>\n\t\t\t\t<\/div>\n\t\t\t\t\t<\/div>\n\t\t<\/div>\n\t\t\t\t\t<\/div>\n\t\t<\/section>\n\t\t\t\t<section class=\"elementor-section elementor-top-section elementor-element elementor-element-a6118f5 elementor-section-full_width elementor-section-height-default elementor-section-height-default wpr-particle-no wpr-jarallax-no wpr-parallax-no wpr-sticky-section-no\" data-id=\"a6118f5\" data-element_type=\"section\" data-settings=\"{&quot;background_background&quot;:&quot;classic&quot;}\">\n\t\t\t\t\t\t\t<div class=\"elementor-background-overlay\"><\/div>\n\t\t\t\t\t\t\t<div class=\"elementor-container elementor-column-gap-default\">\n\t\t\t\t\t<div class=\"elementor-column elementor-col-100 elementor-top-column elementor-element elementor-element-c859a12\" data-id=\"c859a12\" data-element_type=\"column\">\n\t\t\t<div class=\"elementor-widget-wrap elementor-element-populated\">\n\t\t\t\t\t\t<section class=\"elementor-section elementor-inner-section elementor-element elementor-element-caffb83 elementor-section-boxed elementor-section-height-default elementor-section-height-default wpr-particle-no wpr-jarallax-no wpr-parallax-no wpr-sticky-section-no\" data-id=\"caffb83\" data-element_type=\"section\">\n\t\t\t\t\t\t<div class=\"elementor-container elementor-column-gap-default\">\n\t\t\t\t\t<div class=\"elementor-column elementor-col-100 elementor-inner-column elementor-element elementor-element-91bf8dd\" data-id=\"91bf8dd\" data-element_type=\"column\">\n\t\t\t<div class=\"elementor-widget-wrap elementor-element-populated\">\n\t\t\t\t\t\t<div class=\"elementor-element elementor-element-cf81896 elementor-widget elementor-widget-heading\" data-id=\"cf81896\" data-element_type=\"widget\" data-widget_type=\"heading.default\">\n\t\t\t\t<div class=\"elementor-widget-container\">\n\t\t\t<style>\/*! elementor - v3.19.0 - 28-02-2024 *\/\n.elementor-heading-title{padding:0;margin:0;line-height:1}.elementor-widget-heading .elementor-heading-title[class*=elementor-size-]>a{color:inherit;font-size:inherit;line-height:inherit}.elementor-widget-heading .elementor-heading-title.elementor-size-small{font-size:15px}.elementor-widget-heading .elementor-heading-title.elementor-size-medium{font-size:19px}.elementor-widget-heading .elementor-heading-title.elementor-size-large{font-size:29px}.elementor-widget-heading .elementor-heading-title.elementor-size-xl{font-size:39px}.elementor-widget-heading .elementor-heading-title.elementor-size-xxl{font-size:59px}<\/style><h5 class=\"elementor-heading-title elementor-size-default\">TERMOS DE USO<\/h5>\t\t<\/div>\n\t\t\t\t<\/div>\n\t\t\t\t<div class=\"elementor-element elementor-element-34830c6 elementor-invisible elementor-widget elementor-widget-heading\" data-id=\"34830c6\" data-element_type=\"widget\" data-settings=\"{&quot;_animation&quot;:&quot;fadeInLeft&quot;}\" data-widget_type=\"heading.default\">\n\t\t\t\t<div class=\"elementor-widget-container\">\n\t\t\t<h2 class=\"elementor-heading-title elementor-size-default\">Aviso legal<\/h2>\t\t<\/div>\n\t\t\t\t<\/div>\n\t\t\t\t\t<\/div>\n\t\t<\/div>\n\t\t\t\t\t<\/div>\n\t\t<\/section>\n\t\t\t\t<section class=\"elementor-section elementor-inner-section elementor-element elementor-element-8878f19 elementor-section-boxed elementor-section-height-default elementor-section-height-default wpr-particle-no wpr-jarallax-no wpr-parallax-no wpr-sticky-section-no\" data-id=\"8878f19\" data-element_type=\"section\">\n\t\t\t\t\t\t<div class=\"elementor-container elementor-column-gap-default\">\n\t\t\t\t\t<div class=\"elementor-column elementor-col-100 elementor-inner-column elementor-element elementor-element-d183d01\" data-id=\"d183d01\" data-element_type=\"column\">\n\t\t\t<div class=\"elementor-widget-wrap elementor-element-populated\">\n\t\t\t\t\t\t<div class=\"elementor-element elementor-element-1e95ccc elementor-widget elementor-widget-heading\" data-id=\"1e95ccc\" data-element_type=\"widget\" data-widget_type=\"heading.default\">\n\t\t\t\t<div class=\"elementor-widget-container\">\n\t\t\t<h5 class=\"elementor-heading-title elementor-size-default\">TERMOS DE USO<\/h5>\t\t<\/div>\n\t\t\t\t<\/div>\n\t\t\t\t<div class=\"elementor-element elementor-element-25e1593 elementor-widget-divider--view-line elementor-widget elementor-widget-divider\" data-id=\"25e1593\" data-element_type=\"widget\" data-widget_type=\"divider.default\">\n\t\t\t\t<div class=\"elementor-widget-container\">\n\t\t\t<style>\/*! elementor - v3.19.0 - 28-02-2024 *\/\n.elementor-widget-divider{--divider-border-style:none;--divider-border-width:1px;--divider-color:#0c0d0e;--divider-icon-size:20px;--divider-element-spacing:10px;--divider-pattern-height:24px;--divider-pattern-size:20px;--divider-pattern-url:none;--divider-pattern-repeat:repeat-x}.elementor-widget-divider .elementor-divider{display:flex}.elementor-widget-divider .elementor-divider__text{font-size:15px;line-height:1;max-width:95%}.elementor-widget-divider .elementor-divider__element{margin:0 var(--divider-element-spacing);flex-shrink:0}.elementor-widget-divider .elementor-icon{font-size:var(--divider-icon-size)}.elementor-widget-divider .elementor-divider-separator{display:flex;margin:0;direction:ltr}.elementor-widget-divider--view-line_icon .elementor-divider-separator,.elementor-widget-divider--view-line_text .elementor-divider-separator{align-items:center}.elementor-widget-divider--view-line_icon .elementor-divider-separator:after,.elementor-widget-divider--view-line_icon .elementor-divider-separator:before,.elementor-widget-divider--view-line_text .elementor-divider-separator:after,.elementor-widget-divider--view-line_text .elementor-divider-separator:before{display:block;content:\"\";border-block-end:0;flex-grow:1;border-block-start:var(--divider-border-width) var(--divider-border-style) var(--divider-color)}.elementor-widget-divider--element-align-left .elementor-divider .elementor-divider-separator>.elementor-divider__svg:first-of-type{flex-grow:0;flex-shrink:100}.elementor-widget-divider--element-align-left .elementor-divider-separator:before{content:none}.elementor-widget-divider--element-align-left .elementor-divider__element{margin-left:0}.elementor-widget-divider--element-align-right .elementor-divider .elementor-divider-separator>.elementor-divider__svg:last-of-type{flex-grow:0;flex-shrink:100}.elementor-widget-divider--element-align-right .elementor-divider-separator:after{content:none}.elementor-widget-divider--element-align-right .elementor-divider__element{margin-right:0}.elementor-widget-divider--element-align-start .elementor-divider .elementor-divider-separator>.elementor-divider__svg:first-of-type{flex-grow:0;flex-shrink:100}.elementor-widget-divider--element-align-start .elementor-divider-separator:before{content:none}.elementor-widget-divider--element-align-start .elementor-divider__element{margin-inline-start:0}.elementor-widget-divider--element-align-end .elementor-divider .elementor-divider-separator>.elementor-divider__svg:last-of-type{flex-grow:0;flex-shrink:100}.elementor-widget-divider--element-align-end .elementor-divider-separator:after{content:none}.elementor-widget-divider--element-align-end .elementor-divider__element{margin-inline-end:0}.elementor-widget-divider:not(.elementor-widget-divider--view-line_text):not(.elementor-widget-divider--view-line_icon) .elementor-divider-separator{border-block-start:var(--divider-border-width) var(--divider-border-style) var(--divider-color)}.elementor-widget-divider--separator-type-pattern{--divider-border-style:none}.elementor-widget-divider--separator-type-pattern.elementor-widget-divider--view-line .elementor-divider-separator,.elementor-widget-divider--separator-type-pattern:not(.elementor-widget-divider--view-line) .elementor-divider-separator:after,.elementor-widget-divider--separator-type-pattern:not(.elementor-widget-divider--view-line) .elementor-divider-separator:before,.elementor-widget-divider--separator-type-pattern:not([class*=elementor-widget-divider--view]) .elementor-divider-separator{width:100%;min-height:var(--divider-pattern-height);-webkit-mask-size:var(--divider-pattern-size) 100%;mask-size:var(--divider-pattern-size) 100%;-webkit-mask-repeat:var(--divider-pattern-repeat);mask-repeat:var(--divider-pattern-repeat);background-color:var(--divider-color);-webkit-mask-image:var(--divider-pattern-url);mask-image:var(--divider-pattern-url)}.elementor-widget-divider--no-spacing{--divider-pattern-size:auto}.elementor-widget-divider--bg-round{--divider-pattern-repeat:round}.rtl .elementor-widget-divider .elementor-divider__text{direction:rtl}.e-con-inner>.elementor-widget-divider,.e-con>.elementor-widget-divider{width:var(--container-widget-width,100%);--flex-grow:var(--container-widget-flex-grow)}<\/style>\t\t<div class=\"elementor-divider\">\n\t\t\t<span class=\"elementor-divider-separator\">\n\t\t\t\t\t\t<\/span>\n\t\t<\/div>\n\t\t\t\t<\/div>\n\t\t\t\t<\/div>\n\t\t\t\t<div class=\"elementor-element elementor-element-575c201 elementor-widget elementor-widget-text-editor\" data-id=\"575c201\" data-element_type=\"widget\" data-widget_type=\"text-editor.default\">\n\t\t\t\t<div class=\"elementor-widget-container\">\n\t\t\t<style>\/*! elementor - v3.19.0 - 28-02-2024 *\/\n.elementor-widget-text-editor.elementor-drop-cap-view-stacked .elementor-drop-cap{background-color:#69727d;color:#fff}.elementor-widget-text-editor.elementor-drop-cap-view-framed .elementor-drop-cap{color:#69727d;border:3px solid;background-color:transparent}.elementor-widget-text-editor:not(.elementor-drop-cap-view-default) .elementor-drop-cap{margin-top:8px}.elementor-widget-text-editor:not(.elementor-drop-cap-view-default) .elementor-drop-cap-letter{width:1em;height:1em}.elementor-widget-text-editor .elementor-drop-cap{float:left;text-align:center;line-height:1;font-size:50px}.elementor-widget-text-editor .elementor-drop-cap-letter{display:inline-block}<\/style>\t\t\t\t<p>O utilizador deve aceder ao Portal e utilizar o seu conte\u00fado em conformidade com as leis em vigor em cada momento e com as regras de boa f\u00e9, moral e dec\u00eancia. O utilizador n\u00e3o poder\u00e1 usar o presente Site para nenhuma finalidade ou prop\u00f3sito que seja ilegal ou proibida pelas presentes condi\u00e7\u00f5es de uso, estando interdita qualquer atua\u00e7\u00e3o em preju\u00edzo do Servi\u00e7o Andaluz de Emprego ou de terceiros.<br \/>Em particular, o utilizador n\u00e3o poder\u00e1 aceder ao Site de forma que algu\u00e9m danifique, deteriore, inutilize ou sobrecarregue os servi\u00e7os e\/ou informa\u00e7\u00e3o oferecida, n\u00e3o poder\u00e1 interferir no uso dos referidos servi\u00e7os e\/ou informa\u00e7\u00e3o por outros terceiros, n\u00e3o poder\u00e1 tentar o acesso nem aceder a s\u00edtios, servi\u00e7os, sistemas inform\u00e1ticos do Site ou a redes conectadas ao Site sem autoriza\u00e7\u00e3o quando a mesma seja preceptiva para o acesso, nem mediante atos de intrus\u00e3o (hacking) ou por qualquer outro meio n\u00e3o autorizado.<\/p>\n\t\t\t\t\t\t<\/div>\n\t\t\t\t<\/div>\n\t\t\t\t\t<\/div>\n\t\t<\/div>\n\t\t\t\t\t<\/div>\n\t\t<\/section>\n\t\t\t\t<section class=\"elementor-section elementor-inner-section elementor-element elementor-element-23438a5 elementor-section-boxed elementor-section-height-default elementor-section-height-default wpr-particle-no wpr-jarallax-no wpr-parallax-no wpr-sticky-section-no\" data-id=\"23438a5\" data-element_type=\"section\">\n\t\t\t\t\t\t<div class=\"elementor-container elementor-column-gap-default\">\n\t\t\t\t\t<div class=\"elementor-column elementor-col-100 elementor-inner-column elementor-element elementor-element-38c97b9\" data-id=\"38c97b9\" data-element_type=\"column\">\n\t\t\t<div class=\"elementor-widget-wrap elementor-element-populated\">\n\t\t\t\t\t\t<div class=\"elementor-element elementor-element-7c69c4c elementor-widget elementor-widget-heading\" data-id=\"7c69c4c\" data-element_type=\"widget\" data-widget_type=\"heading.default\">\n\t\t\t\t<div class=\"elementor-widget-container\">\n\t\t\t<h5 class=\"elementor-heading-title elementor-size-default\">RESPONSABILIDADE<\/h5>\t\t<\/div>\n\t\t\t\t<\/div>\n\t\t\t\t<div class=\"elementor-element elementor-element-7c75852 elementor-widget-divider--view-line elementor-widget elementor-widget-divider\" data-id=\"7c75852\" data-element_type=\"widget\" data-widget_type=\"divider.default\">\n\t\t\t\t<div class=\"elementor-widget-container\">\n\t\t\t\t\t<div class=\"elementor-divider\">\n\t\t\t<span class=\"elementor-divider-separator\">\n\t\t\t\t\t\t<\/span>\n\t\t<\/div>\n\t\t\t\t<\/div>\n\t\t\t\t<\/div>\n\t\t\t\t<div class=\"elementor-element elementor-element-4734303 elementor-widget elementor-widget-text-editor\" data-id=\"4734303\" data-element_type=\"widget\" data-widget_type=\"text-editor.default\">\n\t\t\t\t<div class=\"elementor-widget-container\">\n\t\t\t\t\t\t\t<p>O Servi\u00e7o Andaluz de Emprego n\u00e3o \u00e9 respons\u00e1vel, em caso algum, pelos danos que possam ser causados a terceiros pelos utilizadores do Portal como consequ\u00eancia de uma utiliza\u00e7\u00e3o il\u00edcita ou inadequada do mesmo, nem pelos conte\u00fados e informa\u00e7\u00f5es acess\u00edveis ou fornecidos atrav\u00e9s do mesmo, nem pelos s\u00edtios ligados ao mesmo. Os respons\u00e1veis s\u00e3o os utilizadores ou terceiros causadores dos danos.<\/p>\n<p>As refer\u00eancias feitas no Portal a qualquer produto, servi\u00e7o, processo, liga\u00e7\u00e3o, hipertexto ou qualquer outra informa\u00e7\u00e3o, utilizando a marca registada, o nome comercial ou o nome do fabricante ou fornecedor, que sejam propriedade de terceiros, n\u00e3o constituem nem implicam o apoio, patroc\u00ednio ou recomenda\u00e7\u00e3o por parte do Servi\u00e7o Andaluz de Emprego.<\/p>\n<p>O Servi\u00e7o Andaluz de Emprego n\u00e3o garante a disponibilidade e a continuidade do funcionamento do Portal e dos seus servi\u00e7os, reservando-se igualmente o direito de suspender temporariamente o acesso ao portal, sem aviso pr\u00e9vio, a seu crit\u00e9rio e com car\u00e1cter tempor\u00e1rio. O Servi\u00e7o Andaluz de Emprego n\u00e3o se responsabiliza por quaisquer danos que possam ser causados pela falta de disponibilidade e\/ou continuidade. O Servi\u00e7o Andaluz de Emprego n\u00e3o garante a aus\u00eancia de v\u00edrus nos servi\u00e7os e conte\u00fados do Portal, quer sejam prestados diretamente ou por terceiros, incluindo as liga\u00e7\u00f5es atrav\u00e9s de links, pelo que n\u00e3o responder\u00e1 pelos danos e preju\u00edzos que possam ser causados pela exist\u00eancia de tais v\u00edrus.<\/p>\n<p>O Servi\u00e7o Andaluz de Emprego faz todos os esfor\u00e7os para evitar erros na informa\u00e7\u00e3o contida nas suas p\u00e1ginas, mas n\u00e3o pode garantir a sua inexist\u00eancia nem a atualiza\u00e7\u00e3o permanente do conte\u00fado da informa\u00e7\u00e3o.<\/p>\n\t\t\t\t\t\t<\/div>\n\t\t\t\t<\/div>\n\t\t\t\t\t<\/div>\n\t\t<\/div>\n\t\t\t\t\t<\/div>\n\t\t<\/section>\n\t\t\t\t<section class=\"elementor-section elementor-inner-section elementor-element elementor-element-8bbe4d5 elementor-section-boxed elementor-section-height-default elementor-section-height-default wpr-particle-no wpr-jarallax-no wpr-parallax-no wpr-sticky-section-no\" data-id=\"8bbe4d5\" data-element_type=\"section\">\n\t\t\t\t\t\t<div class=\"elementor-container elementor-column-gap-default\">\n\t\t\t\t\t<div class=\"elementor-column elementor-col-100 elementor-inner-column elementor-element elementor-element-ba0013d\" data-id=\"ba0013d\" data-element_type=\"column\">\n\t\t\t<div class=\"elementor-widget-wrap elementor-element-populated\">\n\t\t\t\t\t\t<div class=\"elementor-element elementor-element-d1595de elementor-widget elementor-widget-heading\" data-id=\"d1595de\" data-element_type=\"widget\" data-widget_type=\"heading.default\">\n\t\t\t\t<div class=\"elementor-widget-container\">\n\t\t\t<h5 class=\"elementor-heading-title elementor-size-default\">PROPRIEDADE INTELECTUAL<\/h5>\t\t<\/div>\n\t\t\t\t<\/div>\n\t\t\t\t<div class=\"elementor-element elementor-element-066af3b elementor-widget-divider--view-line elementor-widget elementor-widget-divider\" data-id=\"066af3b\" data-element_type=\"widget\" data-widget_type=\"divider.default\">\n\t\t\t\t<div class=\"elementor-widget-container\">\n\t\t\t\t\t<div class=\"elementor-divider\">\n\t\t\t<span class=\"elementor-divider-separator\">\n\t\t\t\t\t\t<\/span>\n\t\t<\/div>\n\t\t\t\t<\/div>\n\t\t\t\t<\/div>\n\t\t\t\t<div class=\"elementor-element elementor-element-449610e elementor-widget elementor-widget-text-editor\" data-id=\"449610e\" data-element_type=\"widget\" data-widget_type=\"text-editor.default\">\n\t\t\t\t<div class=\"elementor-widget-container\">\n\t\t\t\t\t\t\t<p>O Servi\u00e7o Andaluz de Emprego promove a livre utiliza\u00e7\u00e3o e reutiliza\u00e7\u00e3o dos textos dispon\u00edveis neste Portal sobre os quais det\u00e9m direitos de propriedade intelectual. Em geral, o Servi\u00e7o Andaluz de Emprego autoriza-o a<\/p>\n<ul>\n<li>Copiar, redistribuir e comunicar publicamente os textos do Portal.<\/li>\n<li>Utilizar o conte\u00fado para fins comerciais.<\/li>\n<li>Gerar obras derivadas. Para o fazer, deve cumprir as seguintes obriga\u00e7\u00f5es:\n<ul>\n<li>Reconhecer explicitamente a fonte de informa\u00e7\u00e3o, incorporando a seguinte f\u00f3rmula num local vis\u00edvel: &#8220;Informa\u00e7\u00e3o obtida no Portal do Servi\u00e7o Andaluz de Emprego&#8221;.<\/li>\n<li>Incluir a mesma obriga\u00e7\u00e3o de reconhecimento nos termos de licenciamento de quaisquer produtos derivados que utilizem estas informa\u00e7\u00f5es.<\/li>\n<li>N\u00e3o distorcer o significado das informa\u00e7\u00f5es reproduzidas.<\/li>\n<li>Evitar qualquer elemento de apresenta\u00e7\u00e3o que sugira que o Servi\u00e7o Andaluz de Emprego apoia ou promove a utiliza\u00e7\u00e3o da informa\u00e7\u00e3o divulgada. Em caso algum poder\u00e3o ser reproduzidos log\u00f3tipos, bras\u00f5es, s\u00edmbolos e marcas identificativas da Junta de Andaluc\u00eda sem a autoriza\u00e7\u00e3o expressa da institui\u00e7\u00e3o.<\/li>\n<li>Estas considera\u00e7\u00f5es n\u00e3o afectam os conte\u00fados que n\u00e3o est\u00e3o sujeitos \u00e0 propriedade intelectual, de acordo com o artigo 13 do Real Decreto Legislativo 1\/1996, de 12 de abril, que aprova o Texto Revisto da Lei da Propriedade Intelectual, nem os limites estabelecidos no artigo 31 e seguintes da referida lei.<\/li>\n<\/ul>\n<\/li>\n<\/ul>\n\t\t\t\t\t\t<\/div>\n\t\t\t\t<\/div>\n\t\t\t\t\t<\/div>\n\t\t<\/div>\n\t\t\t\t\t<\/div>\n\t\t<\/section>\n\t\t\t\t\t<\/div>\n\t\t<\/div>\n\t\t\t\t\t<\/div>\n\t\t<\/section>\n\t\t\t\t<\/div>\n\t\t","protected":false},"excerpt":{"rendered":"<p>Termos de utiliza\u00e7\u00e3o Aviso legal Inicio Aviso legal EURES T A-A TERMOS DE USO Aviso legal TERMOS DE USO O utilizador deve aceder ao Portal e utilizar o seu conte\u00fado em conformidade com as leis em vigor em cada momento e com as regras de boa f\u00e9, moral e dec\u00eancia. O utilizador n\u00e3o poder\u00e1 usar [&hellip;]<\/p>\n","protected":false},"author":1,"featured_media":0,"parent":0,"menu_order":0,"comment_status":"closed","ping_status":"closed","template":"page-templates\/home-1.php","meta":{"om_disable_all_campaigns":false,"inline_featured_image":false,"_monsterinsights_skip_tracking":false,"_monsterinsights_sitenote_active":false,"_monsterinsights_sitenote_note":"","_monsterinsights_sitenote_category":0,"cybocfi_hide_featured_image":"","footnotes":"","_links_to":"","_links_to_target":""},"aioseo_notices":[],"_links":{"self":[{"href":"https:\/\/www.eures-andalucia-algarve.eu\/pt-pt\/wp-json\/wp\/v2\/pages\/13437"}],"collection":[{"href":"https:\/\/www.eures-andalucia-algarve.eu\/pt-pt\/wp-json\/wp\/v2\/pages"}],"about":[{"href":"https:\/\/www.eures-andalucia-algarve.eu\/pt-pt\/wp-json\/wp\/v2\/types\/page"}],"author":[{"embeddable":true,"href":"https:\/\/www.eures-andalucia-algarve.eu\/pt-pt\/wp-json\/wp\/v2\/users\/1"}],"replies":[{"embeddable":true,"href":"https:\/\/www.eures-andalucia-algarve.eu\/pt-pt\/wp-json\/wp\/v2\/comments?post=13437"}],"version-history":[{"count":3,"href":"https:\/\/www.eures-andalucia-algarve.eu\/pt-pt\/wp-json\/wp\/v2\/pages\/13437\/revisions"}],"predecessor-version":[{"id":14908,"href":"https:\/\/www.eures-andalucia-algarve.eu\/pt-pt\/wp-json\/wp\/v2\/pages\/13437\/revisions\/14908"}],"wp:attachment":[{"href":"https:\/\/www.eures-andalucia-algarve.eu\/pt-pt\/wp-json\/wp\/v2\/media?parent=13437"}],"curies":[{"name":"wp","href":"https:\/\/api.w.org\/{rel}","templated":true}]}}