{"id":13379,"date":"2023-10-18T18:24:25","date_gmt":"2023-10-18T16:24:25","guid":{"rendered":"https:\/\/www.eures-andalucia-algarve.eu\/informacao-para-as-empresas-do-algarve-com-trabalhadores-transfronteiricos-andaluzes\/"},"modified":"2023-11-23T13:02:23","modified_gmt":"2023-11-23T12:02:23","slug":"informacao-para-as-empresas-do-algarve-com-trabalhadores-transfronteiricos-andaluzes","status":"publish","type":"page","link":"https:\/\/www.eures-andalucia-algarve.eu\/pt-pt\/informacao-para-as-empresas-do-algarve-com-trabalhadores-transfronteiricos-andaluzes\/","title":{"rendered":"Informa\u00e7\u00e3o para as empresas do Algarve com trabalhadores transfronteiri\u00e7os andaluzes"},"content":{"rendered":"<div  class=\"ewd-ufaq-faq-list ewd-ufaq-page-type-distinct\" id='ewd-ufaq-faq-list'>\n\n\t<input type='hidden' name='show_on_load' value='' id='ewd-ufaq-show-on-load' \/>\n<input type='hidden' name='include_category' value='' id='ewd-ufaq-include-category' \/>\n<input type='hidden' name='exclude_category' value='' id='ewd-ufaq-exclude-category' \/>\n<input type='hidden' name='orderby' value='date' id='ewd-ufaq-orderby' \/>\n<input type='hidden' name='order' value='desc' id='ewd-ufaq-order' \/>\n<input type='hidden' name='post_count' value='-1' id='ewd-ufaq-post-count' \/>\n<input type='hidden' name='current_url' value='\/pt-pt\/wp-json\/wp\/v2\/pages\/13379' id='ewd-ufaq-current-url' \/>\n\t\n\t\n\t<div class='ewd-ufaq-faqs'>\n\n\t\t<div  class=\"ewd-ufaq-faq-div ewd-ufaq-faq-column-count-one ewd-ufaq-faq-responsive-columns- ewd-ufaq-faq-display-style-default ewd-ufaq-can-be-toggled\" id='ewd-ufaq-post-16030-V9GFuHrgyJ' data-post_id='16030'>\n\n\t<div class='ewd-ufaq-faq-title ewd-ufaq-faq-toggle'>\n\t\n\t<a class='ewd-ufaq-post-margin'  href='#'>\n\n\t\t<div class='ewd-ufaq-post-margin-symbol ewd-ufaq-'>\n\t\t\t<span >A<\/span>\n\t\t<\/div>\n\n\t\t<div class='ewd-ufaq-faq-title-text'>\n\n\t\t\t<h4>\n\t\t\t\tCuidados de sa\u00fade\t\t\t<\/h4>\n\n\t\t<\/div>\n\n\t\t<div class='ewd-ufaq-clear'><\/div>\n\n\t<\/a>\n\t\n<\/div>\n\t\n\t<div class='ewd-ufaq-faq-body ' >\n\n\t\t\n\t\t\t<div class='ewd-ufaq-faq-categories'>\n\t\n\tCategory:\n\t\n\t\tInformaci\u00f3n para empresas del Algarve con trabajadores fronterizos andaluces\n\t\n<\/div>\n\t\t\n\t\t\t<div class='ewd-ufaq-post-margin ewd-ufaq-faq-post'>\n\t<\/div>\n\t\t\n\t\t\t\n\t\t\n\t\t\t\n\t\t\n\t\t\t\n\t\t\n\t\t\t\n\t\t\n\t\t\t\n\t\t\n\t\t\t\n\t\t\n\t\t\t\n\t\t\n\t\t\t\n\t\t\n\t<\/div>\n\n<\/div>\n\t<\/div>\n\n\t\n<\/div>","protected":false},"excerpt":{"rendered":"<p>A Cuidados de sa\u00fade Category: Informaci\u00f3n para empresas del Algarve con trabajadores fronterizos andaluces<\/p>\n","protected":false},"author":1,"featured_media":0,"parent":0,"menu_order":0,"comment_status":"closed","ping_status":"closed","template":"page-templates\/home-1.php","meta":{"om_disable_all_campaigns":false,"inline_featured_image":false,"_monsterinsights_skip_tracking":false,"_monsterinsights_sitenote_active":false,"_monsterinsights_sitenote_note":"","_monsterinsights_sitenote_category":0,"cybocfi_hide_featured_image":"","footnotes":"","_links_to":"","_links_to_target":""},"aioseo_notices":[],"_links":{"self":[{"href":"https:\/\/www.eures-andalucia-algarve.eu\/pt-pt\/wp-json\/wp\/v2\/pages\/13379"}],"collection":[{"href":"https:\/\/www.eures-andalucia-algarve.eu\/pt-pt\/wp-json\/wp\/v2\/pages"}],"about":[{"href":"https:\/\/www.eures-andalucia-algarve.eu\/pt-pt\/wp-json\/wp\/v2\/types\/page"}],"author":[{"embeddable":true,"href":"https:\/\/www.eures-andalucia-algarve.eu\/pt-pt\/wp-json\/wp\/v2\/users\/1"}],"replies":[{"embeddable":true,"href":"https:\/\/www.eures-andalucia-algarve.eu\/pt-pt\/wp-json\/wp\/v2\/comments?post=13379"}],"version-history":[{"count":17,"href":"https:\/\/www.eures-andalucia-algarve.eu\/pt-pt\/wp-json\/wp\/v2\/pages\/13379\/revisions"}],"predecessor-version":[{"id":15597,"href":"https:\/\/www.eures-andalucia-algarve.eu\/pt-pt\/wp-json\/wp\/v2\/pages\/13379\/revisions\/15597"}],"wp:attachment":[{"href":"https:\/\/www.eures-andalucia-algarve.eu\/pt-pt\/wp-json\/wp\/v2\/media?parent=13379"}],"curies":[{"name":"wp","href":"https:\/\/api.w.org\/{rel}","templated":true}]}}