{"id":13359,"date":"2023-10-18T13:06:17","date_gmt":"2023-10-18T11:06:17","guid":{"rendered":"https:\/\/www.eures-andalucia-algarve.eu\/vivo-no-algarve-e-estou-a-procura-de-um-emprego-na-andaluzia\/"},"modified":"2023-11-23T13:10:47","modified_gmt":"2023-11-23T12:10:47","slug":"vivo-no-algarve-e-estou-a-procura-de-um-emprego-na-andaluzia","status":"publish","type":"page","link":"https:\/\/www.eures-andalucia-algarve.eu\/pt-pt\/vivo-no-algarve-e-estou-a-procura-de-um-emprego-na-andaluzia\/","title":{"rendered":"Vivo no Algarve e estou \u00e0 procura de um emprego na Andaluzia."},"content":{"rendered":"<div  class=\"ewd-ufaq-faq-list ewd-ufaq-page-type-distinct\" id='ewd-ufaq-faq-list'>\n\n\t<input type='hidden' name='show_on_load' value='' id='ewd-ufaq-show-on-load' \/>\n<input type='hidden' name='include_category' value='' id='ewd-ufaq-include-category' \/>\n<input type='hidden' name='exclude_category' value='' id='ewd-ufaq-exclude-category' \/>\n<input type='hidden' name='orderby' value='date' id='ewd-ufaq-orderby' \/>\n<input type='hidden' name='order' value='desc' id='ewd-ufaq-order' \/>\n<input type='hidden' name='post_count' value='-1' id='ewd-ufaq-post-count' \/>\n<input type='hidden' name='current_url' value='\/pt-pt\/wp-json\/wp\/v2\/pages\/13359' id='ewd-ufaq-current-url' \/>\n\t\n\t\n\t<div class='ewd-ufaq-faqs'>\n\n\t\t<div  class=\"ewd-ufaq-faq-div ewd-ufaq-faq-column-count-one ewd-ufaq-faq-responsive-columns- ewd-ufaq-faq-display-style-default ewd-ufaq-can-be-toggled\" id='ewd-ufaq-post-8921-C3p22nwZvE' data-post_id='8921'>\n\n\t<div class='ewd-ufaq-faq-title ewd-ufaq-faq-toggle'>\n\t\n\t<a class='ewd-ufaq-post-margin'  href='#'>\n\n\t\t<div class='ewd-ufaq-post-margin-symbol ewd-ufaq-'>\n\t\t\t<span >A<\/span>\n\t\t<\/div>\n\n\t\t<div class='ewd-ufaq-faq-title-text'>\n\n\t\t\t<h4>\n\t\t\t\tInformaci\u00f3n sobre empleadores\t\t\t<\/h4>\n\n\t\t<\/div>\n\n\t\t<div class='ewd-ufaq-clear'><\/div>\n\n\t<\/a>\n\t\n<\/div>\n\t\n\t<div class='ewd-ufaq-faq-body ' >\n\n\t\t\n\t\t\t<div class='ewd-ufaq-faq-categories'>\n\t\n\tCategories:\n\t\n\t\tFormaci\u00f3n en Andaluc\u00eda, \n\t\n\t\tHacer pr\u00e1cticas\/formaci\u00f3n en Andaluc\u00eda\n\t\n<\/div>\n\t\t\n\t\t\t<div class='ewd-ufaq-post-margin ewd-ufaq-faq-post'>\n\t\t\t<div data-elementor-type=\"wp-post\" data-elementor-id=\"8921\" class=\"elementor elementor-8921\">\n\t\t\t\t<div class=\"elementor-element elementor-element-1cabbb82 e-flex e-con-boxed wpr-particle-no wpr-jarallax-no wpr-parallax-no wpr-sticky-section-no e-con e-parent\" data-id=\"1cabbb82\" data-element_type=\"container\" data-settings=\"{&quot;content_width&quot;:&quot;boxed&quot;}\" data-core-v316-plus=\"true\">\n\t\t\t\t\t<div class=\"e-con-inner\">\n\t\t\t\t<div class=\"elementor-element elementor-element-6beff0c8 elementor-widget elementor-widget-text-editor\" data-id=\"6beff0c8\" data-element_type=\"widget\" data-widget_type=\"text-editor.default\">\n\t\t\t\t<div class=\"elementor-widget-container\">\n\t\t\t\t\t\t\t<div id=\"paragraph-1748-2-content\" class=\"ecl-accordion__content\" role=\"region\" aria-labelledby=\"paragraph-1748-2-title\"><div class=\"ecl\"><p>\u00a0<\/p><p style=\"font-size: 19px\"><strong>\u00bfD\u00f3nde puedo publicar oportunidades de empleo?<\/strong><\/p><ul style=\"margin-left: 40px\"><li>Servicio P\u00fablico de Empleo\u00a0<a class=\"ecl-link--icon ecl-link--icon-after\" href=\"http:\/\/www.sepe.es\/\"><u>www.sepe.es<\/u><\/a><\/li><li>Consejer\u00edas de Educaci\u00f3n de las Comunidades Aut\u00f3nomas.<\/li><li>Servicios P\u00fablicos de Empleo de las Comunidades Aut\u00f3nomas.<\/li><li>Ministerio de Educaci\u00f3n y Formaci\u00f3n Profesional.<\/li><li><a class=\"ecl-link--icon ecl-link--icon-after\" href=\"https:\/\/www.educacionyfp.gob.es\/portada.html\"><u>Ministerio de Educaci\u00f3n y Formaci\u00f3n Profesional<\/u><\/a><\/li><li>Centros de Formaci\u00f3n<\/li><\/ul><p style=\"font-size: 19px\"><strong>Financiaci\u00f3n y ayuda<\/strong><\/p><ul style=\"margin-left: 40px\"><li>Centros de Formaci\u00f3n<\/li><li>SEPIE:\u00a0<a class=\"ecl-link--icon ecl-link--icon-after\" href=\"http:\/\/www.oapee.es\/oapee\/inicio\/sepie.html\">http:\/\/www.oapee.es\/oapee\/inicio\/sepie.html<\/a><a class=\"ecl-link--icon ecl-link--icon-after\" href=\"http:\/\/sepie.es\/\"><u>Sepie<\/u><\/a><\/li><li>Servicio P\u00fablico de Empleo <a class=\"ecl-link--icon ecl-link--icon-after\" href=\"http:\/\/www.sepe.es\/redEURES\"><u>www.sepe.es\/redEURES<\/u><\/a><\/li><li>Servicios P\u00fablicos de Empleo de las Comunidades Aut\u00f3nomas.<\/li><\/ul><p>\u00a0<\/p><\/div><\/div>\t\t\t\t\t\t<\/div>\n\t\t\t\t<\/div>\n\t\t\t\t\t<\/div>\n\t\t\t\t<\/div>\n\t\t\t\t<\/div>\n\t\t<\/div>\n\t\t\n\t\t\t\n\t\t\n\t\t\t\n\t\t\n\t\t\t\n\t\t\n\t\t\t\n\t\t\n\t\t\t\n\t\t\n\t\t\t\n\t\t\n\t\t\t\n\t\t\n\t\t\t\n\t\t\n\t<\/div>\n\n<\/div>\n\t<\/div>\n\n\t\n<\/div>","protected":false},"excerpt":{"rendered":"<p>A Informaci\u00f3n sobre empleadores Categories: Formaci\u00f3n en Andaluc\u00eda, Hacer pr\u00e1cticas\/formaci\u00f3n en Andaluc\u00eda \u00a0\u00bfD\u00f3nde puedo publicar oportunidades de empleo?Servicio P\u00fablico de Empleo\u00a0www.sepe.esConsejer\u00edas de Educaci\u00f3n de las Comunidades Aut\u00f3nomas.Servicios P\u00fablicos de Empleo de las Comunidades Aut\u00f3nomas.Ministerio de Educaci\u00f3n y Formaci\u00f3n Profesional.Ministerio de Educaci\u00f3n y Formaci\u00f3n ProfesionalCentros de Formaci\u00f3nFinanciaci\u00f3n y ayudaCentros de Formaci\u00f3nSEPIE:\u00a0http:\/\/www.oapee.es\/oapee\/inicio\/sepie.htmlSepieServicio P\u00fablico de Empleo www.sepe.es\/redEURESServicios P\u00fablicos [&hellip;]<\/p>\n","protected":false},"author":1,"featured_media":0,"parent":0,"menu_order":0,"comment_status":"closed","ping_status":"closed","template":"page-templates\/home-1.php","meta":{"om_disable_all_campaigns":false,"inline_featured_image":false,"_monsterinsights_skip_tracking":false,"_monsterinsights_sitenote_active":false,"_monsterinsights_sitenote_note":"","_monsterinsights_sitenote_category":0,"cybocfi_hide_featured_image":"","footnotes":"","_links_to":"","_links_to_target":""},"aioseo_notices":[],"_links":{"self":[{"href":"https:\/\/www.eures-andalucia-algarve.eu\/pt-pt\/wp-json\/wp\/v2\/pages\/13359"}],"collection":[{"href":"https:\/\/www.eures-andalucia-algarve.eu\/pt-pt\/wp-json\/wp\/v2\/pages"}],"about":[{"href":"https:\/\/www.eures-andalucia-algarve.eu\/pt-pt\/wp-json\/wp\/v2\/types\/page"}],"author":[{"embeddable":true,"href":"https:\/\/www.eures-andalucia-algarve.eu\/pt-pt\/wp-json\/wp\/v2\/users\/1"}],"replies":[{"embeddable":true,"href":"https:\/\/www.eures-andalucia-algarve.eu\/pt-pt\/wp-json\/wp\/v2\/comments?post=13359"}],"version-history":[{"count":12,"href":"https:\/\/www.eures-andalucia-algarve.eu\/pt-pt\/wp-json\/wp\/v2\/pages\/13359\/revisions"}],"predecessor-version":[{"id":15607,"href":"https:\/\/www.eures-andalucia-algarve.eu\/pt-pt\/wp-json\/wp\/v2\/pages\/13359\/revisions\/15607"}],"wp:attachment":[{"href":"https:\/\/www.eures-andalucia-algarve.eu\/pt-pt\/wp-json\/wp\/v2\/media?parent=13359"}],"curies":[{"name":"wp","href":"https:\/\/api.w.org\/{rel}","templated":true}]}}