{"id":13346,"date":"2023-10-17T17:12:21","date_gmt":"2023-10-17T15:12:21","guid":{"rendered":"https:\/\/www.eures-andalucia-algarve.eu\/vivo-na-andaluzia-e-estou-a-procura-de-emprego-no-algarve\/"},"modified":"2023-11-23T13:19:11","modified_gmt":"2023-11-23T12:19:11","slug":"vivo-na-andaluzia-e-estou-a-procura-de-emprego-no-algarve","status":"publish","type":"page","link":"https:\/\/www.eures-andalucia-algarve.eu\/pt-pt\/vivo-na-andaluzia-e-estou-a-procura-de-emprego-no-algarve\/","title":{"rendered":"Vivo na Andaluzia e estou \u00e0 procura de emprego no Algarve"},"content":{"rendered":"<div  class=\"ewd-ufaq-faq-list ewd-ufaq-page-type-distinct\" id='ewd-ufaq-faq-list'>\n\n\t<input type='hidden' name='show_on_load' value='' id='ewd-ufaq-show-on-load' \/>\n<input type='hidden' name='include_category' value='' id='ewd-ufaq-include-category' \/>\n<input type='hidden' name='exclude_category' value='' id='ewd-ufaq-exclude-category' \/>\n<input type='hidden' name='orderby' value='date' id='ewd-ufaq-orderby' \/>\n<input type='hidden' name='order' value='desc' id='ewd-ufaq-order' \/>\n<input type='hidden' name='post_count' value='-1' id='ewd-ufaq-post-count' \/>\n<input type='hidden' name='current_url' value='\/pt-pt\/wp-json\/wp\/v2\/pages\/13346' id='ewd-ufaq-current-url' \/>\n\t\n\t\n\t<div class='ewd-ufaq-faqs'>\n\n\t\t<div  class=\"ewd-ufaq-faq-div ewd-ufaq-faq-column-count-one ewd-ufaq-faq-responsive-columns- ewd-ufaq-faq-display-style-default ewd-ufaq-can-be-toggled\" id='ewd-ufaq-post-8724-Q1YxzdNLkv' data-post_id='8724'>\n\n\t<div class='ewd-ufaq-faq-title ewd-ufaq-faq-toggle'>\n\t\n\t<a class='ewd-ufaq-post-margin'  href='#'>\n\n\t\t<div class='ewd-ufaq-post-margin-symbol ewd-ufaq-'>\n\t\t\t<span >A<\/span>\n\t\t<\/div>\n\n\t\t<div class='ewd-ufaq-faq-title-text'>\n\n\t\t\t<h4>\n\t\t\t\tInforma\u00e7\u00f5es aos empregadores\t\t\t<\/h4>\n\n\t\t<\/div>\n\n\t\t<div class='ewd-ufaq-clear'><\/div>\n\n\t<\/a>\n\t\n<\/div>\n\t\n\t<div class='ewd-ufaq-faq-body ' >\n\n\t\t\n\t\t\t<div class='ewd-ufaq-faq-categories'>\n\t\n\tCategories:\n\t\n\t\tFormaci\u00f3n en el Algarve, \n\t\n\t\tHacer pr\u00e1cticas\/formaci\u00f3n en el Algarve\n\t\n<\/div>\n\t\t\n\t\t\t<div class='ewd-ufaq-post-margin ewd-ufaq-faq-post'>\n\t\t\t<div data-elementor-type=\"wp-post\" data-elementor-id=\"8724\" class=\"elementor elementor-8724\">\n\t\t\t\t<div class=\"elementor-element elementor-element-46026cd0 e-flex e-con-boxed wpr-particle-no wpr-jarallax-no wpr-parallax-no wpr-sticky-section-no e-con e-parent\" data-id=\"46026cd0\" data-element_type=\"container\" data-settings=\"{&quot;content_width&quot;:&quot;boxed&quot;}\" data-core-v316-plus=\"true\">\n\t\t\t\t\t<div class=\"e-con-inner\">\n\t\t\t\t<div class=\"elementor-element elementor-element-68f09d50 elementor-widget elementor-widget-text-editor\" data-id=\"68f09d50\" data-element_type=\"widget\" data-widget_type=\"text-editor.default\">\n\t\t\t\t<div class=\"elementor-widget-container\">\n\t\t\t\t\t\t\t<div id=\"paragraph-1550-2-content\" class=\"ecl-accordion__content\" role=\"region\" aria-labelledby=\"paragraph-1550-2-title\"><div class=\"ecl\"><p>\u00a0<\/p><p><strong style=\"font-size: 19px\">Onde posso publicar oportunidades de aprendizagem?<\/strong><\/p><p>Os empregadores que desejem colaborar nos programas de aprendizagem, garantindo a forma\u00e7\u00e3o pr\u00e1tica, devem contactar os servi\u00e7os regionais do IEFP. Consulte os contactos aqui:\u00a0<a class=\"ecl-link--icon ecl-link--icon-after\" href=\"http:\/\/www.iefp.pt\/en\/redecentros\">www.iefp.pt\/en\/redecentros<\/a><u>.<\/u><\/p><p>\u00a0<\/p><p><strong style=\"font-size: 19px\">Financiamento e apoio<\/strong><\/p><p>Para quest\u00f5es relativas aos formandos transnacionais, dirija-se ao Departamento de Forma\u00e7\u00e3o Profissional do IEFP:\u00a0<a class=\"spamspan\" href=\"mailto:dfp@iefp.pt\">dfp@iefp.pt<\/a><u>.<\/u><\/p><p>\u00a0<\/p><\/div><\/div>\t\t\t\t\t\t<\/div>\n\t\t\t\t<\/div>\n\t\t\t\t\t<\/div>\n\t\t\t\t<\/div>\n\t\t\t\t<\/div>\n\t\t<\/div>\n\t\t\n\t\t\t\n\t\t\n\t\t\t\n\t\t\n\t\t\t\n\t\t\n\t\t\t\n\t\t\n\t\t\t\n\t\t\n\t\t\t\n\t\t\n\t\t\t\n\t\t\n\t\t\t\n\t\t\n\t<\/div>\n\n<\/div>\n\t<\/div>\n\n\t\n<\/div>","protected":false},"excerpt":{"rendered":"<p>A Informa\u00e7\u00f5es aos empregadores Categories: Formaci\u00f3n en el Algarve, Hacer pr\u00e1cticas\/formaci\u00f3n en el Algarve \u00a0Onde posso publicar oportunidades de aprendizagem?Os empregadores que desejem colaborar nos programas de aprendizagem, garantindo a forma\u00e7\u00e3o pr\u00e1tica, devem contactar os servi\u00e7os regionais do IEFP. Consulte os contactos aqui:\u00a0www.iefp.pt\/en\/redecentros.\u00a0Financiamento e apoioPara quest\u00f5es relativas aos formandos transnacionais, dirija-se ao Departamento de Forma\u00e7\u00e3o [&hellip;]<\/p>\n","protected":false},"author":1,"featured_media":0,"parent":0,"menu_order":0,"comment_status":"closed","ping_status":"closed","template":"page-templates\/home-1.php","meta":{"om_disable_all_campaigns":false,"inline_featured_image":false,"_monsterinsights_skip_tracking":false,"_monsterinsights_sitenote_active":false,"_monsterinsights_sitenote_note":"","_monsterinsights_sitenote_category":0,"cybocfi_hide_featured_image":"","footnotes":"","_links_to":"","_links_to_target":""},"aioseo_notices":[],"_links":{"self":[{"href":"https:\/\/www.eures-andalucia-algarve.eu\/pt-pt\/wp-json\/wp\/v2\/pages\/13346"}],"collection":[{"href":"https:\/\/www.eures-andalucia-algarve.eu\/pt-pt\/wp-json\/wp\/v2\/pages"}],"about":[{"href":"https:\/\/www.eures-andalucia-algarve.eu\/pt-pt\/wp-json\/wp\/v2\/types\/page"}],"author":[{"embeddable":true,"href":"https:\/\/www.eures-andalucia-algarve.eu\/pt-pt\/wp-json\/wp\/v2\/users\/1"}],"replies":[{"embeddable":true,"href":"https:\/\/www.eures-andalucia-algarve.eu\/pt-pt\/wp-json\/wp\/v2\/comments?post=13346"}],"version-history":[{"count":15,"href":"https:\/\/www.eures-andalucia-algarve.eu\/pt-pt\/wp-json\/wp\/v2\/pages\/13346\/revisions"}],"predecessor-version":[{"id":15617,"href":"https:\/\/www.eures-andalucia-algarve.eu\/pt-pt\/wp-json\/wp\/v2\/pages\/13346\/revisions\/15617"}],"wp:attachment":[{"href":"https:\/\/www.eures-andalucia-algarve.eu\/pt-pt\/wp-json\/wp\/v2\/media?parent=13346"}],"curies":[{"name":"wp","href":"https:\/\/api.w.org\/{rel}","templated":true}]}}